{"id":70,"date":"2021-08-22T23:04:47","date_gmt":"2021-08-22T21:04:47","guid":{"rendered":"http:\/\/isago.site\/?page_id=70"},"modified":"2024-07-03T13:05:43","modified_gmt":"2024-07-03T11:05:43","slug":"mot-du-promoteur","status":"publish","type":"page","link":"http:\/\/isago.site\/index.php\/mot-du-promoteur\/","title":{"rendered":"Mot du Promoteur"},"content":{"rendered":"\t\t<div data-elementor-type=\"wp-page\" data-elementor-id=\"70\" class=\"elementor elementor-70\" data-elementor-settings=\"[]\">\n\t\t\t\t\t\t\t<div class=\"elementor-section-wrap\">\n\t\t\t\t\t\t\t<section class=\"elementor-section elementor-top-section elementor-element elementor-element-d182511 elementor-section-boxed elementor-section-height-default elementor-section-height-default\" data-id=\"d182511\" data-element_type=\"section\">\n\t\t\t\t\t\t<div class=\"elementor-container elementor-column-gap-default\">\n\t\t\t\t\t<div class=\"elementor-column elementor-col-100 elementor-top-column elementor-element elementor-element-3b7982b\" data-id=\"3b7982b\" data-element_type=\"column\">\n\t\t\t<div class=\"elementor-widget-wrap elementor-element-populated\">\n\t\t\t\t\t\t\t\t<div class=\"elementor-element elementor-element-5a975b9 elementor-widget elementor-widget-image\" data-id=\"5a975b9\" data-element_type=\"widget\" data-widget_type=\"image.default\">\n\t\t\t\t<div class=\"elementor-widget-container\">\n\t\t\t<style>\/*! elementor - v3.5.3 - 28-12-2021 *\/\n.elementor-widget-image{text-align:center}.elementor-widget-image a{display:inline-block}.elementor-widget-image a img[src$=\".svg\"]{width:48px}.elementor-widget-image img{vertical-align:middle;display:inline-block}<\/style>\t\t\t\t\t\t\t\t\t\t\t\t<img decoding=\"async\" src=\"http:\/\/isago.site\/wp-content\/uploads\/2021\/08\/edito.png\" title=\"edito\" alt=\"edito\" \/>\t\t\t\t\t\t\t\t\t\t\t\t\t\t\t<\/div>\n\t\t\t\t<\/div>\n\t\t\t\t\t<\/div>\n\t\t<\/div>\n\t\t\t\t\t\t\t<\/div>\n\t\t<\/section>\n\t\t\t\t<section class=\"elementor-section elementor-top-section elementor-element elementor-element-9340725 elementor-section-boxed elementor-section-height-default elementor-section-height-default\" data-id=\"9340725\" data-element_type=\"section\">\n\t\t\t\t\t\t<div class=\"elementor-container elementor-column-gap-default\">\n\t\t\t\t\t<div class=\"elementor-column elementor-col-100 elementor-top-column elementor-element elementor-element-3f9d3f0\" data-id=\"3f9d3f0\" data-element_type=\"column\">\n\t\t\t<div class=\"elementor-widget-wrap elementor-element-populated\">\n\t\t\t\t\t\t\t\t<div class=\"elementor-element elementor-element-feed2ab elementor-widget elementor-widget-text-editor\" data-id=\"feed2ab\" data-element_type=\"widget\" data-widget_type=\"text-editor.default\">\n\t\t\t\t<div class=\"elementor-widget-container\">\n\t\t\t<style>\/*! elementor - v3.5.3 - 28-12-2021 *\/\n.elementor-widget-text-editor.elementor-drop-cap-view-stacked .elementor-drop-cap{background-color:#818a91;color:#fff}.elementor-widget-text-editor.elementor-drop-cap-view-framed .elementor-drop-cap{color:#818a91;border:3px solid;background-color:transparent}.elementor-widget-text-editor:not(.elementor-drop-cap-view-default) .elementor-drop-cap{margin-top:8px}.elementor-widget-text-editor:not(.elementor-drop-cap-view-default) .elementor-drop-cap-letter{width:1em;height:1em}.elementor-widget-text-editor .elementor-drop-cap{float:left;text-align:center;line-height:1;font-size:50px}.elementor-widget-text-editor .elementor-drop-cap-letter{display:inline-block}<\/style>\t\t\t\t<p>\u00a0Le projet de d\u00e9veloppement du Groupe Institut Agricole d\u2019Obala (IAO) se d\u00e9ploie au centre des pr\u00e9occupations nationales et internationales en lien avec l\u2019urgence de d\u00e9velopper des programmes qui fixent les jeunes dans leurs terres d\u2019origine. Au plan national, le gouvernement et les experts s\u2019accordent sur le constat que l\u2019exode rural exacerbe les probl\u00e8mes d\u2019emploi et de s\u00e9curit\u00e9 dans les milieux urbains. D\u2019apr\u00e8s des statistiques officielles, le ch\u00f4mage atteint 20\u00b0\/\u00b0 des populations de Douala et de Yaound\u00e9, alors que le sous-emploi concerne 75\u00b0\/\u00b0 des travailleurs de ces villes. Les actes de criminalit\u00e9 en milieu urbain sont souvent perp\u00e9tr\u00e9s par des jeunes qui, attir\u00e9s par les lumi\u00e8res de la ville se heurtent au ch\u00f4mage et au sous-emploi. Dans la configuration actuelle, le secteur rural camerounais manque d\u2019attractivit\u00e9. La productivit\u00e9 des exploitations agropastorales reste g\u00e9n\u00e9ralement en de\u00e7\u00e0 des normes agronomiques. Ceci explique la pauvret\u00e9 et l\u2019incapacit\u00e9 des familles \u00e0 fixer les jeunes dans les campagnes. Au plan international, les probl\u00e8mes caus\u00e9s par le ph\u00e9nom\u00e8ne de l\u2019immigration clandestine sont connus. Parmi les solutions envisag\u00e9es, il y a la n\u00e9cessit\u00e9, voire l\u2019urgence d\u2019agir, au niveau des pays d\u2019origine des candidats \u00e0 l\u2019immigration clandestine, pour rendre l\u2019environnement \u00e9conomique et social<br \/>favorable aux projets de d\u00e9veloppement individuels et collectifs des jeunes. Dans le cas du Cameroun, c\u2019est en agissant pour le<br \/>d\u00e9veloppement des activit\u00e9s des jeunes en milieu rural qu\u2019on a des meilleures chances aujourd\u2019hui d\u2019atteindre ce but. Car, avant d\u2019\u00eatre happ\u00e9s par des r\u00e9seaux mafieux d\u2019organisation de voyages clandestins, les jeunes immigr\u00e9s d\u2019origine camerounaise ont g\u00e9n\u00e9ralement une trajectoire de r\u00eaves bris\u00e9s en plusieurs \u00e9tapes, en partant du milieu rural. D\u2019abord, ils r\u00eavent de meilleures conditions de vie en ville et d\u00e9laissent les villages o\u00f9 ils auraient constitu\u00e9 une main d\u2019\u0153uvre de qualit\u00e9 dans des exploitations familiales. Victimes de la pr\u00e9carit\u00e9 cons\u00e9cutive au ch\u00f4mage et au sous emploi en m\u00e9tropole, ces jeunes nourrissent de nouveaux r\u00eaves o\u00f9 ils se voient heureux en Occident. La suite souvent faite de douloureuses \u00e9tapes de d\u00e9sillusions, est connue. En prenant appui sur l\u2019exemple des jeunes qui s\u2019\u00e9panouissent actuellement dans le milieu rural apr\u00e8s leur formation aux techniques de production agropastorale, l\u2019IAO promeut un mod\u00e8le de jeunes qui cr\u00e9ent des emplois pour eux-m\u00eames et pour d\u2019autres jeunes. Nos<br \/>apprenants sont en effet immerg\u00e9s, incub\u00e9s dans un environnement p\u00e9dagogique et\u00a0 professionnel qui les incite \u00e0 comprendre que leur vocation est de cr\u00e9er leur propre emploi et d\u2019employer d\u2019autres jeunes dans le secteur agricole. L\u2019Institut Sup\u00e9rieur d\u2019Agriculture et de Gestion d\u2019Obala (ISAGO), composante du Groupe IAO d\u00e9di\u00e9e \u00e0 l\u2019enseignement sup\u00e9rieur, est con\u00e7u pour porter durablement la performance du Groupe \u00e0 travers la qualit\u00e9 de ses activit\u00e9s de formation et de recherches. Le soutien du programme C2D AFOP (programme conjoint MINADER\/MINEPIA), acquis depuis l\u2019ouverture d\u2019ISAGO en 2013 pour la mise en \u0153uvre du cycle BTS Entrepreneur Agropastoral, est un atout pour l\u2019actualisationdes approches p\u00e9dagogiques et les perspectives d\u2019insertion des jeunes form\u00e9s. Le tutorat de l\u2019Universit\u00e9 de Dschang et la Supervision du Minist\u00e8re de l\u2019Enseignement Sup\u00e9rieur garantissent \u00e9galement l\u2019insertion de l\u2019ISAGO parmi des institutions universitaires de r\u00e9f\u00e9rence au Cameroun. \u00c0 la fin de mes \u00e9tudes agronomiques dans une universit\u00e9 fran\u00e7aise, j\u2019avais formul\u00e9 le projet de retourner sur les terres qui m\u2019ont vu grandir pour y cr\u00e9er un institut de formation des producteurs agricoles, alors que j\u2019avais toutes les possibilit\u00e9s de m\u2019\u00e9panouir en Europe. Ce projet se r\u00e9alise et porte le nom de Groupe IAO. Je souhaite \u00e0 chaque \u00e9tudiant de l\u2019ISAGO un parcours plus retentissant dans les<br \/>territoires du Cameroun et d\u2019Afrique, \u00e0 partir du projet \u00e9labor\u00e9 au cours de sa formation.<br \/><br style=\"font-style: normal; font-variant: normal; font-weight: normal; letter-spacing: normal; line-height: normal; orphans: 2; text-align: -webkit-auto; text-indent: 0px; text-transform: none; white-space: normal; widows: 2; word-spacing: 0px; -webkit-text-size-adjust: auto; -webkit-text-stroke-width: 0px;\" \/><\/p>\t\t\t\t\t\t<\/div>\n\t\t\t\t<\/div>\n\t\t\t\t\t<\/div>\n\t\t<\/div>\n\t\t\t\t\t\t\t<\/div>\n\t\t<\/section>\n\t\t\t\t\t\t<\/div>\n\t\t\t\t\t<\/div>\n\t\t","protected":false},"excerpt":{"rendered":"<p>\u00a0Le projet de d\u00e9veloppement du Groupe Institut Agricole d\u2019Obala (IAO) se d\u00e9ploie au centre des pr\u00e9occupations nationales et internationales en lien avec l\u2019urgence de d\u00e9velopper des programmes qui fixent les jeunes dans leurs terres d\u2019origine. Au plan national, le gouvernement et les experts s\u2019accordent sur le constat que l\u2019exode rural exacerbe les probl\u00e8mes d\u2019emploi et de s\u00e9curit\u00e9 dans les milieux urbains. D\u2019apr\u00e8s des statistiques officielles, le ch\u00f4mage atteint 20\u00b0\/\u00b0 des populations de Douala et de Yaound\u00e9, alors que le sous-emploi&#8230;<\/p>\n<p class=\"read-more\"><a class=\"btn btn-default\" href=\"http:\/\/isago.site\/index.php\/mot-du-promoteur\/\">Lire la suite<span class=\"screen-reader-text\"> Lire la suite<\/span><\/a><\/p>\n","protected":false},"author":1,"featured_media":0,"parent":0,"menu_order":0,"comment_status":"closed","ping_status":"closed","template":"","meta":{"footnotes":""},"class_list":["post-70","page","type-page","status-publish","hentry"],"yoast_head":"<!-- This site is optimized with the Yoast SEO plugin v17.2 - https:\/\/yoast.com\/wordpress\/plugins\/seo\/ -->\n<title>Mot du Promoteur - AGROTECH D&#039;OBALA<\/title>\n<meta name=\"robots\" content=\"index, follow, max-snippet:-1, max-image-preview:large, max-video-preview:-1\" \/>\n<link rel=\"canonical\" href=\"https:\/\/isago.site\/index.php\/mot-du-promoteur\/\" \/>\n<meta property=\"og:locale\" content=\"fr_FR\" \/>\n<meta property=\"og:type\" content=\"article\" \/>\n<meta property=\"og:title\" content=\"Mot du Promoteur - AGROTECH D&#039;OBALA\" \/>\n<meta property=\"og:description\" content=\"\u00a0Le projet de d\u00e9veloppement du Groupe Institut Agricole d\u2019Obala (IAO) se d\u00e9ploie au centre des pr\u00e9occupations nationales et internationales en lien avec l\u2019urgence de d\u00e9velopper des programmes qui fixent les jeunes dans leurs terres d\u2019origine. Au plan national, le gouvernement et les experts s\u2019accordent sur le constat que l\u2019exode rural exacerbe les probl\u00e8mes d\u2019emploi et de s\u00e9curit\u00e9 dans les milieux urbains. D\u2019apr\u00e8s des statistiques officielles, le ch\u00f4mage atteint 20\u00b0\/\u00b0 des populations de Douala et de Yaound\u00e9, alors que le sous-emploi...Lire la suite Lire la suite\" \/>\n<meta property=\"og:url\" content=\"https:\/\/isago.site\/index.php\/mot-du-promoteur\/\" \/>\n<meta property=\"og:site_name\" content=\"AGROTECH D&#039;OBALA\" \/>\n<meta property=\"article:modified_time\" content=\"2024-07-03T11:05:43+00:00\" \/>\n<meta property=\"og:image\" content=\"http:\/\/isago.site\/wp-content\/uploads\/2021\/08\/edito.png\" \/>\n<meta name=\"twitter:card\" content=\"summary_large_image\" \/>\n<meta name=\"twitter:label1\" content=\"Dur\u00e9e de lecture est.\" \/>\n\t<meta name=\"twitter:data1\" content=\"3 minutes\" \/>\n<script type=\"application\/ld+json\" class=\"yoast-schema-graph\">{\"@context\":\"https:\/\/schema.org\",\"@graph\":[{\"@type\":\"Organization\",\"@id\":\"https:\/\/isago.site\/#organization\",\"name\":\"INSTITUT SUPERIEUR D'AGRICULTURE ET DE GESTION D'OBALA\",\"url\":\"https:\/\/isago.site\/\",\"sameAs\":[],\"logo\":{\"@type\":\"ImageObject\",\"@id\":\"https:\/\/isago.site\/#logo\",\"inLanguage\":\"fr-FR\",\"url\":\"http:\/\/isago.site\/wp-content\/uploads\/2021\/08\/logo-isago-222.jpg\",\"contentUrl\":\"http:\/\/isago.site\/wp-content\/uploads\/2021\/08\/logo-isago-222.jpg\",\"width\":224,\"height\":224,\"caption\":\"INSTITUT SUPERIEUR D'AGRICULTURE ET DE GESTION D'OBALA\"},\"image\":{\"@id\":\"https:\/\/isago.site\/#logo\"}},{\"@type\":\"WebSite\",\"@id\":\"https:\/\/isago.site\/#website\",\"url\":\"https:\/\/isago.site\/\",\"name\":\"AGROTECH D&#039;OBALA\",\"description\":\"Centre Universitaire d&#039;Agrotechnologies d&#039;Obala\",\"publisher\":{\"@id\":\"https:\/\/isago.site\/#organization\"},\"potentialAction\":[{\"@type\":\"SearchAction\",\"target\":{\"@type\":\"EntryPoint\",\"urlTemplate\":\"https:\/\/isago.site\/?s={search_term_string}\"},\"query-input\":\"required name=search_term_string\"}],\"inLanguage\":\"fr-FR\"},{\"@type\":\"ImageObject\",\"@id\":\"https:\/\/isago.site\/index.php\/mot-du-promoteur\/#primaryimage\",\"inLanguage\":\"fr-FR\",\"url\":\"http:\/\/isago.site\/wp-content\/uploads\/2021\/08\/edito.png\",\"contentUrl\":\"http:\/\/isago.site\/wp-content\/uploads\/2021\/08\/edito.png\",\"width\":1024,\"height\":768},{\"@type\":\"WebPage\",\"@id\":\"https:\/\/isago.site\/index.php\/mot-du-promoteur\/#webpage\",\"url\":\"https:\/\/isago.site\/index.php\/mot-du-promoteur\/\",\"name\":\"Mot du Promoteur - AGROTECH D&#039;OBALA\",\"isPartOf\":{\"@id\":\"https:\/\/isago.site\/#website\"},\"primaryImageOfPage\":{\"@id\":\"https:\/\/isago.site\/index.php\/mot-du-promoteur\/#primaryimage\"},\"datePublished\":\"2021-08-22T21:04:47+00:00\",\"dateModified\":\"2024-07-03T11:05:43+00:00\",\"breadcrumb\":{\"@id\":\"https:\/\/isago.site\/index.php\/mot-du-promoteur\/#breadcrumb\"},\"inLanguage\":\"fr-FR\",\"potentialAction\":[{\"@type\":\"ReadAction\",\"target\":[\"https:\/\/isago.site\/index.php\/mot-du-promoteur\/\"]}]},{\"@type\":\"BreadcrumbList\",\"@id\":\"https:\/\/isago.site\/index.php\/mot-du-promoteur\/#breadcrumb\",\"itemListElement\":[{\"@type\":\"ListItem\",\"position\":1,\"name\":\"Accueil\",\"item\":\"https:\/\/isago.site\/\"},{\"@type\":\"ListItem\",\"position\":2,\"name\":\"Mot du Promoteur\"}]}]}<\/script>\n<!-- \/ Yoast SEO plugin. -->","yoast_head_json":{"title":"Mot du Promoteur - AGROTECH D&#039;OBALA","robots":{"index":"index","follow":"follow","max-snippet":"max-snippet:-1","max-image-preview":"max-image-preview:large","max-video-preview":"max-video-preview:-1"},"canonical":"https:\/\/isago.site\/index.php\/mot-du-promoteur\/","og_locale":"fr_FR","og_type":"article","og_title":"Mot du Promoteur - AGROTECH D&#039;OBALA","og_description":"\u00a0Le projet de d\u00e9veloppement du Groupe Institut Agricole d\u2019Obala (IAO) se d\u00e9ploie au centre des pr\u00e9occupations nationales et internationales en lien avec l\u2019urgence de d\u00e9velopper des programmes qui fixent les jeunes dans leurs terres d\u2019origine. Au plan national, le gouvernement et les experts s\u2019accordent sur le constat que l\u2019exode rural exacerbe les probl\u00e8mes d\u2019emploi et de s\u00e9curit\u00e9 dans les milieux urbains. D\u2019apr\u00e8s des statistiques officielles, le ch\u00f4mage atteint 20\u00b0\/\u00b0 des populations de Douala et de Yaound\u00e9, alors que le sous-emploi...Lire la suite Lire la suite","og_url":"https:\/\/isago.site\/index.php\/mot-du-promoteur\/","og_site_name":"AGROTECH D&#039;OBALA","article_modified_time":"2024-07-03T11:05:43+00:00","og_image":[{"url":"http:\/\/isago.site\/wp-content\/uploads\/2021\/08\/edito.png"}],"twitter_card":"summary_large_image","twitter_misc":{"Dur\u00e9e de lecture est.":"3 minutes"},"schema":{"@context":"https:\/\/schema.org","@graph":[{"@type":"Organization","@id":"https:\/\/isago.site\/#organization","name":"INSTITUT SUPERIEUR D'AGRICULTURE ET DE GESTION D'OBALA","url":"https:\/\/isago.site\/","sameAs":[],"logo":{"@type":"ImageObject","@id":"https:\/\/isago.site\/#logo","inLanguage":"fr-FR","url":"http:\/\/isago.site\/wp-content\/uploads\/2021\/08\/logo-isago-222.jpg","contentUrl":"http:\/\/isago.site\/wp-content\/uploads\/2021\/08\/logo-isago-222.jpg","width":224,"height":224,"caption":"INSTITUT SUPERIEUR D'AGRICULTURE ET DE GESTION D'OBALA"},"image":{"@id":"https:\/\/isago.site\/#logo"}},{"@type":"WebSite","@id":"https:\/\/isago.site\/#website","url":"https:\/\/isago.site\/","name":"AGROTECH D&#039;OBALA","description":"Centre Universitaire d&#039;Agrotechnologies d&#039;Obala","publisher":{"@id":"https:\/\/isago.site\/#organization"},"potentialAction":[{"@type":"SearchAction","target":{"@type":"EntryPoint","urlTemplate":"https:\/\/isago.site\/?s={search_term_string}"},"query-input":"required name=search_term_string"}],"inLanguage":"fr-FR"},{"@type":"ImageObject","@id":"https:\/\/isago.site\/index.php\/mot-du-promoteur\/#primaryimage","inLanguage":"fr-FR","url":"http:\/\/isago.site\/wp-content\/uploads\/2021\/08\/edito.png","contentUrl":"http:\/\/isago.site\/wp-content\/uploads\/2021\/08\/edito.png","width":1024,"height":768},{"@type":"WebPage","@id":"https:\/\/isago.site\/index.php\/mot-du-promoteur\/#webpage","url":"https:\/\/isago.site\/index.php\/mot-du-promoteur\/","name":"Mot du Promoteur - AGROTECH D&#039;OBALA","isPartOf":{"@id":"https:\/\/isago.site\/#website"},"primaryImageOfPage":{"@id":"https:\/\/isago.site\/index.php\/mot-du-promoteur\/#primaryimage"},"datePublished":"2021-08-22T21:04:47+00:00","dateModified":"2024-07-03T11:05:43+00:00","breadcrumb":{"@id":"https:\/\/isago.site\/index.php\/mot-du-promoteur\/#breadcrumb"},"inLanguage":"fr-FR","potentialAction":[{"@type":"ReadAction","target":["https:\/\/isago.site\/index.php\/mot-du-promoteur\/"]}]},{"@type":"BreadcrumbList","@id":"https:\/\/isago.site\/index.php\/mot-du-promoteur\/#breadcrumb","itemListElement":[{"@type":"ListItem","position":1,"name":"Accueil","item":"https:\/\/isago.site\/"},{"@type":"ListItem","position":2,"name":"Mot du Promoteur"}]}]}},"_links":{"self":[{"href":"http:\/\/isago.site\/index.php\/wp-json\/wp\/v2\/pages\/70","targetHints":{"allow":["GET"]}}],"collection":[{"href":"http:\/\/isago.site\/index.php\/wp-json\/wp\/v2\/pages"}],"about":[{"href":"http:\/\/isago.site\/index.php\/wp-json\/wp\/v2\/types\/page"}],"author":[{"embeddable":true,"href":"http:\/\/isago.site\/index.php\/wp-json\/wp\/v2\/users\/1"}],"replies":[{"embeddable":true,"href":"http:\/\/isago.site\/index.php\/wp-json\/wp\/v2\/comments?post=70"}],"version-history":[{"count":26,"href":"http:\/\/isago.site\/index.php\/wp-json\/wp\/v2\/pages\/70\/revisions"}],"predecessor-version":[{"id":928,"href":"http:\/\/isago.site\/index.php\/wp-json\/wp\/v2\/pages\/70\/revisions\/928"}],"wp:attachment":[{"href":"http:\/\/isago.site\/index.php\/wp-json\/wp\/v2\/media?parent=70"}],"curies":[{"name":"wp","href":"https:\/\/api.w.org\/{rel}","templated":true}]}}